{"id":1347,"date":"2021-03-14T11:25:39","date_gmt":"2021-03-14T11:25:39","guid":{"rendered":"https:\/\/testcms.feuerwehr-wirbelau.de\/?page_id=1347"},"modified":"2021-10-17T19:49:48","modified_gmt":"2021-10-17T19:49:48","slug":"wasserentnahmestellen-in-wirbelau","status":"publish","type":"page","link":"https:\/\/feuerwehr-wirbelau.de\/?page_id=1347","title":{"rendered":"Wasserentnahmestellen in Wirbelau"},"content":{"rendered":"\t\t<div data-elementor-type=\"wp-page\" data-elementor-id=\"1347\" class=\"elementor elementor-1347\">\n\t\t\t\t\t\t<section class=\"elementor-section elementor-top-section elementor-element elementor-element-286edc8 elementor-section-boxed elementor-section-height-default elementor-section-height-default\" data-id=\"286edc8\" data-element_type=\"section\" data-e-type=\"section\">\n\t\t\t\t\t\t<div class=\"elementor-container elementor-column-gap-default\">\n\t\t\t\t\t<div class=\"elementor-column elementor-col-100 elementor-top-column elementor-element elementor-element-4ed6e09\" data-id=\"4ed6e09\" data-element_type=\"column\" data-e-type=\"column\">\n\t\t\t<div class=\"elementor-widget-wrap elementor-element-populated\">\n\t\t\t\t\t\t<div class=\"elementor-element elementor-element-62e5af0 elementor-widget elementor-widget-heading\" data-id=\"62e5af0\" data-element_type=\"widget\" data-e-type=\"widget\" data-widget_type=\"heading.default\">\n\t\t\t\t<div class=\"elementor-widget-container\">\n\t\t\t\t\t<h2 class=\"elementor-heading-title elementor-size-default\">Wasserentnahmestellen in Wirbelau<\/h2>\t\t\t\t<\/div>\n\t\t\t\t<\/div>\n\t\t\t\t\t<\/div>\n\t\t<\/div>\n\t\t\t\t\t<\/div>\n\t\t<\/section>\n\t\t\t\t<section class=\"elementor-section elementor-top-section elementor-element elementor-element-d93a324 elementor-section-boxed elementor-section-height-default elementor-section-height-default\" data-id=\"d93a324\" data-element_type=\"section\" data-e-type=\"section\">\n\t\t\t\t\t\t<div class=\"elementor-container elementor-column-gap-default\">\n\t\t\t\t\t<div class=\"elementor-column elementor-col-33 elementor-top-column elementor-element elementor-element-8de70f0\" data-id=\"8de70f0\" data-element_type=\"column\" data-e-type=\"column\">\n\t\t\t<div class=\"elementor-widget-wrap elementor-element-populated\">\n\t\t\t\t\t\t<div class=\"elementor-element elementor-element-30c8099 elementor-widget elementor-widget-heading\" data-id=\"30c8099\" data-element_type=\"widget\" data-e-type=\"widget\" data-widget_type=\"heading.default\">\n\t\t\t\t<div class=\"elementor-widget-container\">\n\t\t\t\t\t<h4 class=\"elementor-heading-title elementor-size-default\">Unterflurhydranten<\/h4>\t\t\t\t<\/div>\n\t\t\t\t<\/div>\n\t\t\t\t<div class=\"elementor-element elementor-element-370a5c0 elementor-widget elementor-widget-text-editor\" data-id=\"370a5c0\" data-element_type=\"widget\" data-e-type=\"widget\" data-widget_type=\"text-editor.default\">\n\t\t\t\t<div class=\"elementor-widget-container\">\n\t\t\t\t\t\t\t\t\t<p>Der Unterflurhydrant ist wohl die bekannteste Armatur, Wasser aus dem st\u00e4dtischen Wassernetz zu entnehmen.<\/p><p>\u00a0<\/p><p><img fetchpriority=\"high\" decoding=\"async\" class=\"alignnone size-medium wp-image-1583\" src=\"https:\/\/feuerwehr-wirbelau.de\/wp-content\/uploads\/2021\/08\/1IMG_20210703_105928-225x300.jpg\" alt=\"\" width=\"225\" height=\"300\" srcset=\"https:\/\/feuerwehr-wirbelau.de\/wp-content\/uploads\/2021\/08\/1IMG_20210703_105928-225x300.jpg 225w, https:\/\/feuerwehr-wirbelau.de\/wp-content\/uploads\/2021\/08\/1IMG_20210703_105928-767x1024.jpg 767w, https:\/\/feuerwehr-wirbelau.de\/wp-content\/uploads\/2021\/08\/1IMG_20210703_105928-768x1025.jpg 768w, https:\/\/feuerwehr-wirbelau.de\/wp-content\/uploads\/2021\/08\/1IMG_20210703_105928.jpg 900w\" sizes=\"(max-width: 225px) 100vw, 225px\" \/><\/p><p>\u00a0<\/p><p>Gekenntzeichnet sind diese durch sogenannte Hinweisschilder f\u00fcr Unterflurhydranten, welches f\u00fcr jeden Hydrant extra positioniert wird.\u00a0 Diese Schilder werden zus\u00e4tzlich angebracht, damit die Feuerwehr auch im Winter, bei einer zugeschneiten Stra\u00dfe erkennen kann, wo sich ein Hydrant befindet.<\/p><p><img decoding=\"async\" class=\"alignnone size-full wp-image-1585\" src=\"https:\/\/feuerwehr-wirbelau.de\/wp-content\/uploads\/2021\/08\/hinweisschild-fuer-die-feuerwehr-hinweischild-auf-einen-unterflurhydranten.jpg\" alt=\"\" width=\"280\" height=\"280\" srcset=\"https:\/\/feuerwehr-wirbelau.de\/wp-content\/uploads\/2021\/08\/hinweisschild-fuer-die-feuerwehr-hinweischild-auf-einen-unterflurhydranten.jpg 280w, https:\/\/feuerwehr-wirbelau.de\/wp-content\/uploads\/2021\/08\/hinweisschild-fuer-die-feuerwehr-hinweischild-auf-einen-unterflurhydranten-150x150.jpg 150w\" sizes=\"(max-width: 280px) 100vw, 280px\" \/><\/p><p>Bitte achten Sie darauf, dass Sie einen Unterflurhydranten <strong>niemals <\/strong>zuparken. Im Ernstfall kann dies die Feuerwerhr wertvolle Minuten kosten, da auf einen anderen Hydranten ausgewichen werden muss. Im Winter freuen wir uns ebenfalls, wenn Sie die zugefrorenen Unterflurhydranten bei Ihrer Pflicht der Stra\u00dfenr\u00e4umung ber\u00fccksichtigen und etwas Salz darauf werfen.<\/p>\t\t\t\t\t\t\t\t<\/div>\n\t\t\t\t<\/div>\n\t\t\t\t\t<\/div>\n\t\t<\/div>\n\t\t\t\t<div class=\"elementor-column elementor-col-33 elementor-top-column elementor-element elementor-element-5c12879\" data-id=\"5c12879\" data-element_type=\"column\" data-e-type=\"column\">\n\t\t\t<div class=\"elementor-widget-wrap elementor-element-populated\">\n\t\t\t\t\t\t<div class=\"elementor-element elementor-element-81a55bd elementor-widget elementor-widget-heading\" data-id=\"81a55bd\" data-element_type=\"widget\" data-e-type=\"widget\" data-widget_type=\"heading.default\">\n\t\t\t\t<div class=\"elementor-widget-container\">\n\t\t\t\t\t<h4 class=\"elementor-heading-title elementor-size-default\">Fallmantelhydrant<\/h4>\t\t\t\t<\/div>\n\t\t\t\t<\/div>\n\t\t\t\t<div class=\"elementor-element elementor-element-4c4bcb3 elementor-widget elementor-widget-text-editor\" data-id=\"4c4bcb3\" data-element_type=\"widget\" data-e-type=\"widget\" data-widget_type=\"text-editor.default\">\n\t\t\t\t<div class=\"elementor-widget-container\">\n\t\t\t\t\t\t\t\t\t<p>Der Fallmantelhydrant steht in unserem Kreuzungsbereich der L3020 und der L3452 auf der Wirbelauer Seite und hat die identische Funktion wie ein Unterflurhydrant. Er ist lediglich \u00fcberirdisch sichtbar.\u00a0<\/p>\t\t\t\t\t\t\t\t<\/div>\n\t\t\t\t<\/div>\n\t\t\t\t<div class=\"elementor-element elementor-element-0329537 elementor-widget elementor-widget-text-editor\" data-id=\"0329537\" data-element_type=\"widget\" data-e-type=\"widget\" data-widget_type=\"text-editor.default\">\n\t\t\t\t<div class=\"elementor-widget-container\">\n\t\t\t\t\t\t\t\t\t<p><img decoding=\"async\" class=\"alignnone size-medium wp-image-1584\" src=\"https:\/\/feuerwehr-wirbelau.de\/wp-content\/uploads\/2021\/08\/Oberflurhydrant-225x300.jpg\" alt=\"\" width=\"225\" height=\"300\" srcset=\"https:\/\/feuerwehr-wirbelau.de\/wp-content\/uploads\/2021\/08\/Oberflurhydrant-225x300.jpg 225w, https:\/\/feuerwehr-wirbelau.de\/wp-content\/uploads\/2021\/08\/Oberflurhydrant.jpg 610w\" sizes=\"(max-width: 225px) 100vw, 225px\" \/><\/p>\t\t\t\t\t\t\t\t<\/div>\n\t\t\t\t<\/div>\n\t\t\t\t\t<\/div>\n\t\t<\/div>\n\t\t\t\t<div class=\"elementor-column elementor-col-33 elementor-top-column elementor-element elementor-element-76fb24d\" data-id=\"76fb24d\" data-element_type=\"column\" data-e-type=\"column\">\n\t\t\t<div class=\"elementor-widget-wrap elementor-element-populated\">\n\t\t\t\t\t\t<div class=\"elementor-element elementor-element-d3f1a23 elementor-widget elementor-widget-heading\" data-id=\"d3f1a23\" data-element_type=\"widget\" data-e-type=\"widget\" data-widget_type=\"heading.default\">\n\t\t\t\t<div class=\"elementor-widget-container\">\n\t\t\t\t\t<h4 class=\"elementor-heading-title elementor-size-default\">Zisterne\n\n<\/h4>\t\t\t\t<\/div>\n\t\t\t\t<\/div>\n\t\t\t\t<div class=\"elementor-element elementor-element-7288ffd elementor-widget elementor-widget-text-editor\" data-id=\"7288ffd\" data-element_type=\"widget\" data-e-type=\"widget\" data-widget_type=\"text-editor.default\">\n\t\t\t\t<div class=\"elementor-widget-container\">\n\t\t\t\t\t\t\t\t\t<p>Eine Zisterne ist ein unterirdischer Sammelbeh\u00e4lter f\u00fcr Trink- oder Nutzwasser, welche im Bereich der Aussiedlerh\u00f6fe von Wirbelau zu finden ist. <\/p><p>Die Zisterne dient als Pufferbeh\u00e4lter zur Wasserspeicherung und ist durch entsprechende Beschilderung gekennzeichnet. Hieraus muss das Wasser mitteils einer Tragkraftspritze oder einer Tauchpumpe entnommen werden. <\/p>\t\t\t\t\t\t\t\t<\/div>\n\t\t\t\t<\/div>\n\t\t\t\t<div class=\"elementor-element elementor-element-2e07512 elementor-widget elementor-widget-text-editor\" data-id=\"2e07512\" data-element_type=\"widget\" data-e-type=\"widget\" data-widget_type=\"text-editor.default\">\n\t\t\t\t<div class=\"elementor-widget-container\">\n\t\t\t\t\t\t\t\t\t<p><img loading=\"lazy\" decoding=\"async\" class=\"alignnone size-medium wp-image-1587\" src=\"https:\/\/feuerwehr-wirbelau.de\/wp-content\/uploads\/2021\/08\/Zisterne-225x300.jpg\" alt=\"\" width=\"225\" height=\"300\" srcset=\"https:\/\/feuerwehr-wirbelau.de\/wp-content\/uploads\/2021\/08\/Zisterne-225x300.jpg 225w, https:\/\/feuerwehr-wirbelau.de\/wp-content\/uploads\/2021\/08\/Zisterne.jpg 610w\" sizes=\"(max-width: 225px) 100vw, 225px\" \/><\/p>\t\t\t\t\t\t\t\t<\/div>\n\t\t\t\t<\/div>\n\t\t\t\t\t<\/div>\n\t\t<\/div>\n\t\t\t\t\t<\/div>\n\t\t<\/section>\n\t\t\t\t<\/div>\n\t\t","protected":false},"excerpt":{"rendered":"<p>Wasserentnahmestellen in Wirbelau Unterflurhydranten Der Unterflurhydrant ist wohl die bekannteste Armatur, Wasser aus dem st\u00e4dtischen Wassernetz zu entnehmen. \u00a0 \u00a0 Gekenntzeichnet sind diese durch sogenannte Hinweisschilder f\u00fcr Unterflurhydranten, welches f\u00fcr jeden Hydrant extra positioniert wird.\u00a0 Diese Schilder werden zus\u00e4tzlich angebracht, &hellip; <a href=\"https:\/\/feuerwehr-wirbelau.de\/?page_id=1347\">Weiter<\/a><\/p>\n","protected":false},"author":1,"featured_media":0,"parent":469,"menu_order":0,"comment_status":"closed","ping_status":"closed","template":"","meta":{"kt_blocks_editor_width":"","footnotes":""},"class_list":["post-1347","page","type-page","status-publish","hentry"],"_links":{"self":[{"href":"https:\/\/feuerwehr-wirbelau.de\/index.php?rest_route=\/wp\/v2\/pages\/1347","targetHints":{"allow":["GET"]}}],"collection":[{"href":"https:\/\/feuerwehr-wirbelau.de\/index.php?rest_route=\/wp\/v2\/pages"}],"about":[{"href":"https:\/\/feuerwehr-wirbelau.de\/index.php?rest_route=\/wp\/v2\/types\/page"}],"author":[{"embeddable":true,"href":"https:\/\/feuerwehr-wirbelau.de\/index.php?rest_route=\/wp\/v2\/users\/1"}],"replies":[{"embeddable":true,"href":"https:\/\/feuerwehr-wirbelau.de\/index.php?rest_route=%2Fwp%2Fv2%2Fcomments&post=1347"}],"version-history":[{"count":28,"href":"https:\/\/feuerwehr-wirbelau.de\/index.php?rest_route=\/wp\/v2\/pages\/1347\/revisions"}],"predecessor-version":[{"id":1811,"href":"https:\/\/feuerwehr-wirbelau.de\/index.php?rest_route=\/wp\/v2\/pages\/1347\/revisions\/1811"}],"up":[{"embeddable":true,"href":"https:\/\/feuerwehr-wirbelau.de\/index.php?rest_route=\/wp\/v2\/pages\/469"}],"wp:attachment":[{"href":"https:\/\/feuerwehr-wirbelau.de\/index.php?rest_route=%2Fwp%2Fv2%2Fmedia&parent=1347"}],"curies":[{"name":"wp","href":"https:\/\/api.w.org\/{rel}","templated":true}]}}