{"id":483,"date":"2020-06-17T18:59:08","date_gmt":"2020-06-17T18:59:08","guid":{"rendered":"https:\/\/testcms.feuerwehr-wirbelau.de\/?page_id=483"},"modified":"2026-01-07T16:14:11","modified_gmt":"2026-01-07T16:14:11","slug":"chronik","status":"publish","type":"page","link":"https:\/\/feuerwehr-wirbelau.de\/?page_id=483","title":{"rendered":"Chronik"},"content":{"rendered":"\t\t<div data-elementor-type=\"wp-page\" data-elementor-id=\"483\" class=\"elementor elementor-483\">\n\t\t\t\t\t\t<section class=\"elementor-section elementor-top-section elementor-element elementor-element-37315053 elementor-section-boxed elementor-section-height-default elementor-section-height-default\" data-id=\"37315053\" data-element_type=\"section\" data-e-type=\"section\">\n\t\t\t\t\t\t<div class=\"elementor-container elementor-column-gap-default\">\n\t\t\t\t\t<div class=\"elementor-column elementor-col-100 elementor-top-column elementor-element elementor-element-5b1ad1a8\" data-id=\"5b1ad1a8\" data-element_type=\"column\" data-e-type=\"column\">\n\t\t\t<div class=\"elementor-widget-wrap elementor-element-populated\">\n\t\t\t\t\t\t<div class=\"elementor-element elementor-element-0bb30de elementor-widget elementor-widget-be-timeline\" data-id=\"0bb30de\" data-element_type=\"widget\" data-e-type=\"widget\" data-widget_type=\"be-timeline.default\">\n\t\t\t\t<div class=\"elementor-widget-container\">\n\t\t\t\t\t<ul class=\"be-pack timeline \"><li class=\"timeline-inverted\"> \n\t\t\t<div class=\"tl-circ\"><\/div>\n\t\t <div class=\"timeline-panel\">\n\t\t   <div class=\"tl-heading\">\n\t\t\t <div class=\"tl-content\">\n\n\t\t\t    \n\t\t\t\t\t\t<div class=\"timeline_pic pull-left\"><img fetchpriority=\"high\" decoding=\"async\" width=\"938\" height=\"556\" src=\"https:\/\/feuerwehr-wirbelau.de\/wp-content\/uploads\/2020\/06\/Gr\u00fcndungsschrift-1934-e1632038270494.jpg\" class=\"attachment-full size-full wp-image-554\" srcset=\"https:\/\/feuerwehr-wirbelau.de\/wp-content\/uploads\/2020\/06\/Gr\u00fcndungsschrift-1934-e1632038270494.jpg 938w, https:\/\/feuerwehr-wirbelau.de\/wp-content\/uploads\/2020\/06\/Gr\u00fcndungsschrift-1934-e1632038270494-300x178.jpg 300w, https:\/\/feuerwehr-wirbelau.de\/wp-content\/uploads\/2020\/06\/Gr\u00fcndungsschrift-1934-e1632038270494-768x455.jpg 768w\" sizes=\"(max-width: 938px) 100vw, 938px\" \/><\/div>\n\t\t\t\t\t\t<div class=\"be-desc\">\n\t\t\t\t\t\t\t<h2 class=\"be-title\"><\/h2>\t\t\t\t\t\t\t<div class=\"be-content\"><p style=\"line-height: 1.1;text-align: center;font-size: 30px\">21.01.1934<\/p><p style=\"text-align: center;font-size: 16px\">Gr\u00fcndung der Freiwilligen Feuerwehr Wirbelau von 36 Kameraden in der damaligen Gastwirtschaft Fries.<\/p><\/div>\t\t\t\t\t\t<\/div>\n\n\t\t\t\t\t\n\t\t\t\t<\/div>\n\n\t\t\t<\/div>\n\t\t<\/div>\n\t\t\t<\/li>\n\t\t\t<li class=\"timeline-right\"> \n\t\t\t<div class=\"tl-circ\"><\/div>\n\t\t <div class=\"timeline-panel\">\n\t\t   <div class=\"tl-heading\">\n\t\t\t <div class=\"tl-content\">\n\n\t\t\t    \n\t\t\t\t\t\t<div class=\"timeline_pic pull-left\"><img decoding=\"async\" width=\"955\" height=\"615\" src=\"https:\/\/feuerwehr-wirbelau.de\/wp-content\/uploads\/2020\/06\/vermutlich-25-j\u00e4hriges-Jubil\u00e4um-muss-man-nochmal-kl\u00e4ren-e1632038227219.jpg\" class=\"attachment-full size-full wp-image-556\" srcset=\"https:\/\/feuerwehr-wirbelau.de\/wp-content\/uploads\/2020\/06\/vermutlich-25-j\u00e4hriges-Jubil\u00e4um-muss-man-nochmal-kl\u00e4ren-e1632038227219.jpg 955w, https:\/\/feuerwehr-wirbelau.de\/wp-content\/uploads\/2020\/06\/vermutlich-25-j\u00e4hriges-Jubil\u00e4um-muss-man-nochmal-kl\u00e4ren-e1632038227219-300x193.jpg 300w, https:\/\/feuerwehr-wirbelau.de\/wp-content\/uploads\/2020\/06\/vermutlich-25-j\u00e4hriges-Jubil\u00e4um-muss-man-nochmal-kl\u00e4ren-e1632038227219-768x495.jpg 768w\" sizes=\"(max-width: 955px) 100vw, 955px\" \/><\/div>\n\t\t\t\t\t\t<div class=\"be-desc\">\n\t\t\t\t\t\t\t<h2 class=\"be-title\"><\/h2>\t\t\t\t\t\t\t<div class=\"be-content\"><p style=\"line-height: 1.1;text-align: center;font-size: 30px\">16.05. - 18.05.1959<\/p><p style=\"text-align: center;font-size: 16px\">25-j\u00e4hriges Jubil\u00e4um - Als Festgeschenk erhielt die Feuerwehr eine TS 8\/8 Bachert mit VW-Motor sowie 200m Schlauchmaterial.<\/p><\/div>\t\t\t\t\t\t<\/div>\n\n\t\t\t\t\t\n\t\t\t\t<\/div>\n\n\t\t\t<\/div>\n\t\t<\/div>\n\t\t\t<\/li>\n\t\t\t<li class=\"timeline-inverted\"> \n\t\t\t<div class=\"tl-circ\"><\/div>\n\t\t <div class=\"timeline-panel\">\n\t\t   <div class=\"tl-heading\">\n\t\t\t <div class=\"tl-content\">\n\n\t\t\t    \n\t\t\t\t\t\t<div class=\"timeline_pic pull-left\"><img decoding=\"async\" width=\"1000\" height=\"669\" src=\"https:\/\/feuerwehr-wirbelau.de\/wp-content\/uploads\/2020\/06\/30-j\u00e4hriges-Jubil\u00e4um.jpg\" class=\"attachment-full size-full wp-image-570\" srcset=\"https:\/\/feuerwehr-wirbelau.de\/wp-content\/uploads\/2020\/06\/30-j\u00e4hriges-Jubil\u00e4um.jpg 1000w, https:\/\/feuerwehr-wirbelau.de\/wp-content\/uploads\/2020\/06\/30-j\u00e4hriges-Jubil\u00e4um-300x201.jpg 300w, https:\/\/feuerwehr-wirbelau.de\/wp-content\/uploads\/2020\/06\/30-j\u00e4hriges-Jubil\u00e4um-768x514.jpg 768w\" sizes=\"(max-width: 1000px) 100vw, 1000px\" \/><\/div>\n\t\t\t\t\t\t<div class=\"be-desc\">\n\t\t\t\t\t\t\t<h2 class=\"be-title\"><\/h2>\t\t\t\t\t\t\t<div class=\"be-content\"><p style=\"line-height: 1.1;text-align: center;font-size: 30px\">11.07 - 13.07.1964<\/p><p style=\"text-align: center;font-size: 16px\">30-j\u00e4hriges Jubil\u00e4um verbunden mit dem Kreisverbandstag.<\/p><\/div>\t\t\t\t\t\t<\/div>\n\n\t\t\t\t\t\n\t\t\t\t<\/div>\n\n\t\t\t<\/div>\n\t\t<\/div>\n\t\t\t<\/li>\n\t\t\t<li class=\"timeline-right\"> \n\t\t\t<div class=\"tl-circ\"><\/div>\n\t\t <div class=\"timeline-panel\">\n\t\t   <div class=\"tl-heading\">\n\t\t\t <div class=\"tl-content\">\n\n\t\t\t    \n\t\t\t\t\t\t\n\t\t\t\t\t\t<div class=\"be-desc\">\n\t\t\t\t\t\t\t<h2 class=\"be-title\"><\/h2>\t\t\t\t\t\t\t<div class=\"be-content\"><p style=\"line-height: 1.1;text-align: center;font-size: 30px\">29.07.1966<\/p><p style=\"text-align: center;font-size: 16px\">Zwei VW-Busse wurden zur Verf\u00fcgung gestellt und jeweils zu Mannschafts- und Ger\u00e4tewagen umgearbeitet.<\/p><\/div>\t\t\t\t\t\t<\/div>\n\n\t\t\t\t\t\n\t\t\t\t<\/div>\n\n\t\t\t<\/div>\n\t\t<\/div>\n\t\t\t<\/li>\n\t\t\t<li class=\"timeline-inverted\"> \n\t\t\t<div class=\"tl-circ\"><\/div>\n\t\t <div class=\"timeline-panel\">\n\t\t   <div class=\"tl-heading\">\n\t\t\t <div class=\"tl-content\">\n\n\t\t\t    \n\t\t\t\t\t\t<div class=\"timeline_pic pull-left\"><img loading=\"lazy\" decoding=\"async\" width=\"486\" height=\"292\" src=\"https:\/\/feuerwehr-wirbelau.de\/wp-content\/uploads\/2020\/06\/Ford-Transit-e1632038189265.jpg\" class=\"attachment-full size-full wp-image-553\" srcset=\"https:\/\/feuerwehr-wirbelau.de\/wp-content\/uploads\/2020\/06\/Ford-Transit-e1632038189265.jpg 486w, https:\/\/feuerwehr-wirbelau.de\/wp-content\/uploads\/2020\/06\/Ford-Transit-e1632038189265-300x180.jpg 300w\" sizes=\"(max-width: 486px) 100vw, 486px\" \/><\/div>\n\t\t\t\t\t\t<div class=\"be-desc\">\n\t\t\t\t\t\t\t<h2 class=\"be-title\"><\/h2>\t\t\t\t\t\t\t<div class=\"be-content\"><p style=\"line-height: 1.1;text-align: center;font-size: 30px\">1971<\/p><p style=\"text-align: center;font-size: 16px\">Neues Fahrzeug -\u00a0Einen Ford Transit als Tragkraft-spritzenfahrzeug f\u00fcr eine Staffelbesatzung. Die beiden VW-Busse wurden ausrangiert<\/p><\/div>\t\t\t\t\t\t<\/div>\n\n\t\t\t\t\t\n\t\t\t\t<\/div>\n\n\t\t\t<\/div>\n\t\t<\/div>\n\t\t\t<\/li>\n\t\t\t<li class=\"timeline-right\"> \n\t\t\t<div class=\"tl-circ\"><\/div>\n\t\t <div class=\"timeline-panel\">\n\t\t   <div class=\"tl-heading\">\n\t\t\t <div class=\"tl-content\">\n\n\t\t\t    \n\t\t\t\t\t\t\n\t\t\t\t\t\t<div class=\"be-desc\">\n\t\t\t\t\t\t\t<h2 class=\"be-title\"><\/h2>\t\t\t\t\t\t\t<div class=\"be-content\"><p style=\"line-height: 1.1;text-align: center;font-size: 30px\">08.01.1981<\/p><p style=\"text-align: center;font-size: 16px\">Gr\u00fcndung der Jugendfeuerwehr<\/p><\/div>\t\t\t\t\t\t<\/div>\n\n\t\t\t\t\t\n\t\t\t\t<\/div>\n\n\t\t\t<\/div>\n\t\t<\/div>\n\t\t\t<\/li>\n\t\t\t<li class=\"timeline-inverted\"> \n\t\t\t<div class=\"tl-circ\"><\/div>\n\t\t <div class=\"timeline-panel\">\n\t\t   <div class=\"tl-heading\">\n\t\t\t <div class=\"tl-content\">\n\n\t\t\t    \n\t\t\t\t\t\t<div class=\"timeline_pic pull-left\"><img loading=\"lazy\" decoding=\"async\" width=\"1570\" height=\"1024\" src=\"https:\/\/feuerwehr-wirbelau.de\/wp-content\/uploads\/2020\/06\/Neubau-FW-Haus-1984-6.jpg\" class=\"attachment-full size-full wp-image-551\" srcset=\"https:\/\/feuerwehr-wirbelau.de\/wp-content\/uploads\/2020\/06\/Neubau-FW-Haus-1984-6.jpg 1570w, https:\/\/feuerwehr-wirbelau.de\/wp-content\/uploads\/2020\/06\/Neubau-FW-Haus-1984-6-300x196.jpg 300w, https:\/\/feuerwehr-wirbelau.de\/wp-content\/uploads\/2020\/06\/Neubau-FW-Haus-1984-6-1024x668.jpg 1024w, https:\/\/feuerwehr-wirbelau.de\/wp-content\/uploads\/2020\/06\/Neubau-FW-Haus-1984-6-768x501.jpg 768w, https:\/\/feuerwehr-wirbelau.de\/wp-content\/uploads\/2020\/06\/Neubau-FW-Haus-1984-6-1536x1002.jpg 1536w\" sizes=\"(max-width: 1570px) 100vw, 1570px\" \/><\/div>\n\t\t\t\t\t\t<div class=\"be-desc\">\n\t\t\t\t\t\t\t<h2 class=\"be-title\"><\/h2>\t\t\t\t\t\t\t<div class=\"be-content\"><p style=\"line-height: 1.1;text-align: center;font-size: 30px\">1983 - 1984<\/p><p style=\"text-align: center;font-size: 16px\">Bau des heutigen Feuerwehrger\u00e4tehauses \u00fcberwiegend in Eigenleistung durch Vereinsmitglieder.<\/p><\/div>\t\t\t\t\t\t<\/div>\n\n\t\t\t\t\t\n\t\t\t\t<\/div>\n\n\t\t\t<\/div>\n\t\t<\/div>\n\t\t\t<\/li>\n\t\t\t<li class=\"timeline-right\"> \n\t\t\t<div class=\"tl-circ\"><\/div>\n\t\t <div class=\"timeline-panel\">\n\t\t   <div class=\"tl-heading\">\n\t\t\t <div class=\"tl-content\">\n\n\t\t\t    \n\t\t\t\t\t\t\n\t\t\t\t\t\t<div class=\"be-desc\">\n\t\t\t\t\t\t\t<h2 class=\"be-title\"><\/h2>\t\t\t\t\t\t\t<div class=\"be-content\"><p style=\"line-height: 1.1;text-align: center;font-size: 30px\">Anfang Juni 1984<\/p><p style=\"text-align: center;font-size: 16px\">Das neue Feuerwehrhaus wurde im Rahmen einer Feier an die Feuerwehr \u00fcbergeben.<\/p><\/div>\t\t\t\t\t\t<\/div>\n\n\t\t\t\t\t\n\t\t\t\t<\/div>\n\n\t\t\t<\/div>\n\t\t<\/div>\n\t\t\t<\/li>\n\t\t\t<li class=\"timeline-inverted\"> \n\t\t\t<div class=\"tl-circ\"><\/div>\n\t\t <div class=\"timeline-panel\">\n\t\t   <div class=\"tl-heading\">\n\t\t\t <div class=\"tl-content\">\n\n\t\t\t    \n\t\t\t\t\t\t<div class=\"timeline_pic pull-left\"><img loading=\"lazy\" decoding=\"async\" width=\"150\" height=\"150\" src=\"https:\/\/feuerwehr-wirbelau.de\/wp-content\/uploads\/2020\/06\/altes-Feuerwehrhaus-Hauptstra\u00dfe-scaled-e1632038298164-150x150.jpg\" class=\"attachment-thumbnail size-thumbnail wp-image-549\" \/><\/div>\n\t\t\t\t\t\t<div class=\"be-desc\">\n\t\t\t\t\t\t\t<h2 class=\"be-title\"><\/h2>\t\t\t\t\t\t\t<div class=\"be-content\"><p style=\"line-height: 1.1;text-align: center;font-size: 30px\">Unbekannt<\/p><p style=\"text-align: center;font-size: 16px\">Das alte Spritzenhaus in der Hauptstra\u00dfe wurde abgerissen.<\/p><\/div>\t\t\t\t\t\t<\/div>\n\n\t\t\t\t\t\n\t\t\t\t<\/div>\n\n\t\t\t<\/div>\n\t\t<\/div>\n\t\t\t<\/li>\n\t\t\t<li class=\"timeline-right\"> \n\t\t\t<div class=\"tl-circ\"><\/div>\n\t\t <div class=\"timeline-panel\">\n\t\t   <div class=\"tl-heading\">\n\t\t\t <div class=\"tl-content\">\n\n\t\t\t    \n\t\t\t\t\t\t<div class=\"timeline_pic pull-left\"><img loading=\"lazy\" decoding=\"async\" width=\"1570\" height=\"1024\" src=\"https:\/\/feuerwehr-wirbelau.de\/wp-content\/uploads\/2020\/06\/Jubil\u00e4um-1984-50-j\u00e4hriges-Jubil\u00e4um.jpg\" class=\"attachment-full size-full wp-image-550\" srcset=\"https:\/\/feuerwehr-wirbelau.de\/wp-content\/uploads\/2020\/06\/Jubil\u00e4um-1984-50-j\u00e4hriges-Jubil\u00e4um.jpg 1570w, https:\/\/feuerwehr-wirbelau.de\/wp-content\/uploads\/2020\/06\/Jubil\u00e4um-1984-50-j\u00e4hriges-Jubil\u00e4um-300x196.jpg 300w, https:\/\/feuerwehr-wirbelau.de\/wp-content\/uploads\/2020\/06\/Jubil\u00e4um-1984-50-j\u00e4hriges-Jubil\u00e4um-1024x668.jpg 1024w, https:\/\/feuerwehr-wirbelau.de\/wp-content\/uploads\/2020\/06\/Jubil\u00e4um-1984-50-j\u00e4hriges-Jubil\u00e4um-768x501.jpg 768w, https:\/\/feuerwehr-wirbelau.de\/wp-content\/uploads\/2020\/06\/Jubil\u00e4um-1984-50-j\u00e4hriges-Jubil\u00e4um-1536x1002.jpg 1536w\" sizes=\"(max-width: 1570px) 100vw, 1570px\" \/><\/div>\n\t\t\t\t\t\t<div class=\"be-desc\">\n\t\t\t\t\t\t\t<h2 class=\"be-title\"><\/h2>\t\t\t\t\t\t\t<div class=\"be-content\"><p style=\"line-height: 1.1;text-align: center;font-size: 30px\">09.06. - 11.06.1984<\/p><p style=\"text-align: center;font-size: 16px\">Feierlichkeiten anl\u00e4sslich des 50-j\u00e4hrigen Jubil\u00e4ums.<\/p><\/div>\t\t\t\t\t\t<\/div>\n\n\t\t\t\t\t\n\t\t\t\t<\/div>\n\n\t\t\t<\/div>\n\t\t<\/div>\n\t\t\t<\/li>\n\t\t\t<li class=\"timeline-inverted\"> \n\t\t\t<div class=\"tl-circ\"><\/div>\n\t\t <div class=\"timeline-panel\">\n\t\t   <div class=\"tl-heading\">\n\t\t\t <div class=\"tl-content\">\n\n\t\t\t    \n\t\t\t\t\t\t<div class=\"timeline_pic pull-left\"><img loading=\"lazy\" decoding=\"async\" width=\"848\" height=\"363\" src=\"https:\/\/feuerwehr-wirbelau.de\/wp-content\/uploads\/2021\/06\/Testfeuerwehrauto.png\" class=\"attachment-full size-full wp-image-1476\" srcset=\"https:\/\/feuerwehr-wirbelau.de\/wp-content\/uploads\/2021\/06\/Testfeuerwehrauto.png 848w, https:\/\/feuerwehr-wirbelau.de\/wp-content\/uploads\/2021\/06\/Testfeuerwehrauto-300x128.png 300w, https:\/\/feuerwehr-wirbelau.de\/wp-content\/uploads\/2021\/06\/Testfeuerwehrauto-768x329.png 768w, https:\/\/feuerwehr-wirbelau.de\/wp-content\/uploads\/2021\/06\/Testfeuerwehrauto-700x300.png 700w, https:\/\/feuerwehr-wirbelau.de\/wp-content\/uploads\/2021\/06\/Testfeuerwehrauto-620x266.png 620w, https:\/\/feuerwehr-wirbelau.de\/wp-content\/uploads\/2021\/06\/Testfeuerwehrauto-400x171.png 400w\" sizes=\"(max-width: 848px) 100vw, 848px\" \/><\/div>\n\t\t\t\t\t\t<div class=\"be-desc\">\n\t\t\t\t\t\t\t<h2 class=\"be-title\"><\/h2>\t\t\t\t\t\t\t<div class=\"be-content\"><p style=\"line-height: 1.1;text-align: center;font-size: 30px\">April 1992<\/p><p style=\"text-align: center;font-size: 16px\">Beschaffung eines TSF-W mit einem 500-Liter Wassertank, welches heute noch immer im Betrieb ist.<\/p><\/div>\t\t\t\t\t\t<\/div>\n\n\t\t\t\t\t\n\t\t\t\t<\/div>\n\n\t\t\t<\/div>\n\t\t<\/div>\n\t\t\t<\/li>\n\t\t\t<li class=\"timeline-right\"> \n\t\t\t<div class=\"tl-circ\"><\/div>\n\t\t <div class=\"timeline-panel\">\n\t\t   <div class=\"tl-heading\">\n\t\t\t <div class=\"tl-content\">\n\n\t\t\t    \n\t\t\t\t\t\t\n\t\t\t\t\t\t<div class=\"be-desc\">\n\t\t\t\t\t\t\t<h2 class=\"be-title\"><\/h2>\t\t\t\t\t\t\t<div class=\"be-content\"><p style=\"line-height: 1.1;text-align: center;font-size: 30px\">Pfingsten 1994<\/p><p style=\"text-align: center;font-size: 16px\">60-j\u00e4hriges Bestehen wird mit einem Festkommers und einem Tag der offenen T\u00fcr gefeiert.<\/p><\/div>\t\t\t\t\t\t<\/div>\n\n\t\t\t\t\t\n\t\t\t\t<\/div>\n\n\t\t\t<\/div>\n\t\t<\/div>\n\t\t\t<\/li>\n\t\t\t<li class=\"timeline-inverted\"> \n\t\t\t<div class=\"tl-circ\"><\/div>\n\t\t <div class=\"timeline-panel\">\n\t\t   <div class=\"tl-heading\">\n\t\t\t <div class=\"tl-content\">\n\n\t\t\t    \n\t\t\t\t\t\t<div class=\"timeline_pic pull-left\"><img loading=\"lazy\" decoding=\"async\" width=\"1832\" height=\"2560\" src=\"https:\/\/feuerwehr-wirbelau.de\/wp-content\/uploads\/2021\/10\/Foto-23.10.21-11-20-19-scaled.jpg\" class=\"attachment-full size-full wp-image-1906\" srcset=\"https:\/\/feuerwehr-wirbelau.de\/wp-content\/uploads\/2021\/10\/Foto-23.10.21-11-20-19-scaled.jpg 1832w, https:\/\/feuerwehr-wirbelau.de\/wp-content\/uploads\/2021\/10\/Foto-23.10.21-11-20-19-215x300.jpg 215w, https:\/\/feuerwehr-wirbelau.de\/wp-content\/uploads\/2021\/10\/Foto-23.10.21-11-20-19-733x1024.jpg 733w, https:\/\/feuerwehr-wirbelau.de\/wp-content\/uploads\/2021\/10\/Foto-23.10.21-11-20-19-768x1073.jpg 768w, https:\/\/feuerwehr-wirbelau.de\/wp-content\/uploads\/2021\/10\/Foto-23.10.21-11-20-19-1099x1536.jpg 1099w, https:\/\/feuerwehr-wirbelau.de\/wp-content\/uploads\/2021\/10\/Foto-23.10.21-11-20-19-1466x2048.jpg 1466w\" sizes=\"(max-width: 1832px) 100vw, 1832px\" \/><\/div>\n\t\t\t\t\t\t<div class=\"be-desc\">\n\t\t\t\t\t\t\t<h2 class=\"be-title\"><\/h2>\t\t\t\t\t\t\t<div class=\"be-content\"><p style=\"line-height: 1.1;text-align: center;font-size: 30px\">29.08. - 30.08.2009<\/p><p style=\"text-align: center;font-size: 16px\">Festtage anl\u00e4sslich des 75-j\u00e4hrigen Jubil\u00e4ums<\/p><\/div>\t\t\t\t\t\t<\/div>\n\n\t\t\t\t\t\n\t\t\t\t<\/div>\n\n\t\t\t<\/div>\n\t\t<\/div>\n\t\t\t<\/li>\n\t\t\t<li class=\"timeline-right\"> \n\t\t\t<div class=\"tl-circ\"><\/div>\n\t\t <div class=\"timeline-panel\">\n\t\t   <div class=\"tl-heading\">\n\t\t\t <div class=\"tl-content\">\n\n\t\t\t    \n\t\t\t\t\t\t<div class=\"timeline_pic pull-left\"><img loading=\"lazy\" decoding=\"async\" width=\"1728\" height=\"792\" src=\"https:\/\/feuerwehr-wirbelau.de\/wp-content\/uploads\/2020\/06\/Feuerwehrfest-2019.jpg\" class=\"attachment-full size-full wp-image-584\" srcset=\"https:\/\/feuerwehr-wirbelau.de\/wp-content\/uploads\/2020\/06\/Feuerwehrfest-2019.jpg 1728w, https:\/\/feuerwehr-wirbelau.de\/wp-content\/uploads\/2020\/06\/Feuerwehrfest-2019-300x138.jpg 300w, https:\/\/feuerwehr-wirbelau.de\/wp-content\/uploads\/2020\/06\/Feuerwehrfest-2019-1024x469.jpg 1024w, https:\/\/feuerwehr-wirbelau.de\/wp-content\/uploads\/2020\/06\/Feuerwehrfest-2019-768x352.jpg 768w, https:\/\/feuerwehr-wirbelau.de\/wp-content\/uploads\/2020\/06\/Feuerwehrfest-2019-1536x704.jpg 1536w\" sizes=\"(max-width: 1728px) 100vw, 1728px\" \/><\/div>\n\t\t\t\t\t\t<div class=\"be-desc\">\n\t\t\t\t\t\t\t<h2 class=\"be-title\"><\/h2>\t\t\t\t\t\t\t<div class=\"be-content\"><p style=\"line-height: 1.1;text-align: center;font-size: 30px\">17.08.2019<\/p><p style=\"text-align: center;font-size: 16px\">Feuerwehrfest anl\u00e4sslich des 85-j\u00e4hrigen Jubil\u00e4ums<\/p><\/div>\t\t\t\t\t\t<\/div>\n\n\t\t\t\t\t\n\t\t\t\t<\/div>\n\n\t\t\t<\/div>\n\t\t<\/div>\n\t\t\t<\/li>\n\t\t\t<li class=\"timeline-inverted\"> \n\t\t\t<div class=\"tl-circ\"><\/div>\n\t\t <div class=\"timeline-panel\">\n\t\t   <div class=\"tl-heading\">\n\t\t\t <div class=\"tl-content\">\n\n\t\t\t    \n\t\t\t\t\t\t<div class=\"timeline_pic pull-left\"><img loading=\"lazy\" decoding=\"async\" width=\"1068\" height=\"1200\" src=\"https:\/\/feuerwehr-wirbelau.de\/wp-content\/uploads\/2024\/10\/Feuerwehrfest-2024.jpg\" class=\"attachment-full size-full wp-image-2016\" srcset=\"https:\/\/feuerwehr-wirbelau.de\/wp-content\/uploads\/2024\/10\/Feuerwehrfest-2024.jpg 1068w, https:\/\/feuerwehr-wirbelau.de\/wp-content\/uploads\/2024\/10\/Feuerwehrfest-2024-267x300.jpg 267w, https:\/\/feuerwehr-wirbelau.de\/wp-content\/uploads\/2024\/10\/Feuerwehrfest-2024-911x1024.jpg 911w, https:\/\/feuerwehr-wirbelau.de\/wp-content\/uploads\/2024\/10\/Feuerwehrfest-2024-768x863.jpg 768w\" sizes=\"(max-width: 1068px) 100vw, 1068px\" \/><\/div>\n\t\t\t\t\t\t<div class=\"be-desc\">\n\t\t\t\t\t\t\t<h2 class=\"be-title\"><\/h2>\t\t\t\t\t\t\t<div class=\"be-content\"><p style=\"line-height: 1.1;text-align: center;font-size: 30px\">08.06.2024<\/p><p style=\"text-align: center;font-size: 16px\">Feuerwehrfest anl\u00e4sslich des 90-j\u00e4hrigen Jubil\u00e4ums<\/p><\/div>\t\t\t\t\t\t<\/div>\n\n\t\t\t\t\t\n\t\t\t\t<\/div>\n\n\t\t\t<\/div>\n\t\t<\/div>\n\t\t\t<\/li>\n\t\t\t \n      <\/ul>\n\n\t\t\t\t\t<\/div>\n\t\t\t\t<\/div>\n\t\t\t\t\t<\/div>\n\t\t<\/div>\n\t\t\t\t\t<\/div>\n\t\t<\/section>\n\t\t\t\t<section class=\"elementor-section elementor-top-section elementor-element elementor-element-bbcbda2 elementor-section-boxed elementor-section-height-default elementor-section-height-default\" data-id=\"bbcbda2\" data-element_type=\"section\" data-e-type=\"section\">\n\t\t\t\t\t\t<div class=\"elementor-container elementor-column-gap-default\">\n\t\t\t\t\t<div class=\"elementor-column elementor-col-100 elementor-top-column elementor-element elementor-element-4c46b64\" data-id=\"4c46b64\" data-element_type=\"column\" data-e-type=\"column\">\n\t\t\t<div class=\"elementor-widget-wrap\">\n\t\t\t\t\t\t\t<\/div>\n\t\t<\/div>\n\t\t\t\t\t<\/div>\n\t\t<\/section>\n\t\t\t\t<\/div>\n\t\t","protected":false},"excerpt":{"rendered":"<p>21.01.1934 Gr\u00fcndung der Freiwilligen Feuerwehr Wirbelau von 36 Kameraden in der damaligen Gastwirtschaft Fries. 16.05. &#8211; 18.05.1959 25-j\u00e4hriges Jubil\u00e4um &#8211; Als Festgeschenk erhielt die Feuerwehr eine TS 8\/8 Bachert mit VW-Motor sowie 200m Schlauchmaterial. 11.07 &#8211; 13.07.1964 30-j\u00e4hriges Jubil\u00e4um verbunden &hellip; <a href=\"https:\/\/feuerwehr-wirbelau.de\/?page_id=483\">Weiter<\/a><\/p>\n","protected":false},"author":3,"featured_media":0,"parent":137,"menu_order":0,"comment_status":"closed","ping_status":"closed","template":"","meta":{"kt_blocks_editor_width":"","footnotes":""},"class_list":["post-483","page","type-page","status-publish","hentry"],"_links":{"self":[{"href":"https:\/\/feuerwehr-wirbelau.de\/index.php?rest_route=\/wp\/v2\/pages\/483","targetHints":{"allow":["GET"]}}],"collection":[{"href":"https:\/\/feuerwehr-wirbelau.de\/index.php?rest_route=\/wp\/v2\/pages"}],"about":[{"href":"https:\/\/feuerwehr-wirbelau.de\/index.php?rest_route=\/wp\/v2\/types\/page"}],"author":[{"embeddable":true,"href":"https:\/\/feuerwehr-wirbelau.de\/index.php?rest_route=\/wp\/v2\/users\/3"}],"replies":[{"embeddable":true,"href":"https:\/\/feuerwehr-wirbelau.de\/index.php?rest_route=%2Fwp%2Fv2%2Fcomments&post=483"}],"version-history":[{"count":60,"href":"https:\/\/feuerwehr-wirbelau.de\/index.php?rest_route=\/wp\/v2\/pages\/483\/revisions"}],"predecessor-version":[{"id":2139,"href":"https:\/\/feuerwehr-wirbelau.de\/index.php?rest_route=\/wp\/v2\/pages\/483\/revisions\/2139"}],"up":[{"embeddable":true,"href":"https:\/\/feuerwehr-wirbelau.de\/index.php?rest_route=\/wp\/v2\/pages\/137"}],"wp:attachment":[{"href":"https:\/\/feuerwehr-wirbelau.de\/index.php?rest_route=%2Fwp%2Fv2%2Fmedia&parent=483"}],"curies":[{"name":"wp","href":"https:\/\/api.w.org\/{rel}","templated":true}]}}