{"id":517,"date":"2020-06-17T19:42:45","date_gmt":"2020-06-17T19:42:45","guid":{"rendered":"https:\/\/testcms.feuerwehr-wirbelau.de\/?page_id=517"},"modified":"2025-07-04T16:49:57","modified_gmt":"2025-07-04T16:49:57","slug":"mitglied-werden","status":"publish","type":"page","link":"https:\/\/feuerwehr-wirbelau.de\/?page_id=517","title":{"rendered":"Werde Mitglied"},"content":{"rendered":"\t\t<div data-elementor-type=\"wp-page\" data-elementor-id=\"517\" class=\"elementor elementor-517\">\n\t\t\t\t\t\t<section class=\"elementor-section elementor-top-section elementor-element elementor-element-ae9492d elementor-section-boxed elementor-section-height-default elementor-section-height-default\" data-id=\"ae9492d\" data-element_type=\"section\" data-e-type=\"section\">\n\t\t\t\t\t\t<div class=\"elementor-container elementor-column-gap-default\">\n\t\t\t\t\t<div class=\"elementor-column elementor-col-100 elementor-top-column elementor-element elementor-element-17b4e4e\" data-id=\"17b4e4e\" data-element_type=\"column\" data-e-type=\"column\">\n\t\t\t<div class=\"elementor-widget-wrap elementor-element-populated\">\n\t\t\t\t\t\t<div class=\"elementor-element elementor-element-b746cb2 elementor-widget elementor-widget-heading\" data-id=\"b746cb2\" data-element_type=\"widget\" data-e-type=\"widget\" data-widget_type=\"heading.default\">\n\t\t\t\t<div class=\"elementor-widget-container\">\n\t\t\t\t\t<h2 class=\"elementor-heading-title elementor-size-default\">Werde passives Mitglied im Verein<\/h2>\t\t\t\t<\/div>\n\t\t\t\t<\/div>\n\t\t\t\t\t<\/div>\n\t\t<\/div>\n\t\t\t\t\t<\/div>\n\t\t<\/section>\n\t\t\t\t<section class=\"elementor-section elementor-top-section elementor-element elementor-element-617c193 elementor-section-boxed elementor-section-height-default elementor-section-height-default\" data-id=\"617c193\" data-element_type=\"section\" data-e-type=\"section\">\n\t\t\t\t\t\t<div class=\"elementor-container elementor-column-gap-default\">\n\t\t\t\t\t<div class=\"elementor-column elementor-col-100 elementor-top-column elementor-element elementor-element-4380d6b\" data-id=\"4380d6b\" data-element_type=\"column\" data-e-type=\"column\">\n\t\t\t<div class=\"elementor-widget-wrap elementor-element-populated\">\n\t\t\t\t\t\t<div class=\"elementor-element elementor-element-c894d87 elementor-widget elementor-widget-text-editor\" data-id=\"c894d87\" data-element_type=\"widget\" data-e-type=\"widget\" data-widget_type=\"text-editor.default\">\n\t\t\t\t<div class=\"elementor-widget-container\">\n\t\t\t\t\t\t\t\t\t<p>Als passives Mitglied unterst\u00fctzt Du finanziell die Freiwillige Feuerwehr Wirbelau e.V. durch deinen j\u00e4hrlichen Mitgliedsbeitrag in H\u00f6he von 12,00 \u20ac, der zum 01.07. eines laufenden Jahres von deinem Konto eingezogen wird.\u00a0F\u00fcr Mitglieder unter 18 Jahren betr\u00e4gt der Beitrag 6\u20ac\/Jahr.<\/p><p>Hier hast du die M\u00f6glichkeit, direkt online Mitglied zu werden und dies auszuf\u00fcllen:<\/p><p><a href=\"https:\/\/form.campai.com\/7iuf46GQqgnX\">Online-Beitrittsformular<\/a><\/p><p>Alternativ steht Dir das Formular unter Medien &#8211;&gt; Downloads oder <a href=\"https:\/\/feuerwehr-wirbelau.de\/wp-content\/uploads\/2025\/07\/Beitrittserklaerung.pdf\" target=\"_blank\" rel=\"noopener\">hier<\/a> zur Verf\u00fcgung.<\/p><p>Gib Deine Beitrittserkl\u00e4rung dann bei einem der Vorstandsmitglieder pers\u00f6nlich ab oder werfe diese in den Briefkasten am Feuerwehrger\u00e4tehaus, Horstertstra\u00dfe 3 in 65594 Runkel-Wirbelau.<\/p><p>Eine passive Mitgliedschaft ist f\u00fcr jeden m\u00f6glich, egal ob Du von nah oder fern kommst.<\/p><p>Wir freuen uns, wenn Du die Arbeit der Freiwilligen Feuerwehr Wirbelau e.V. unterst\u00fctzen m\u00f6chtest.<\/p>\t\t\t\t\t\t\t\t<\/div>\n\t\t\t\t<\/div>\n\t\t\t\t\t<\/div>\n\t\t<\/div>\n\t\t\t\t\t<\/div>\n\t\t<\/section>\n\t\t\t\t<section class=\"elementor-section elementor-top-section elementor-element elementor-element-6bd9ca2 elementor-section-boxed elementor-section-height-default elementor-section-height-default\" data-id=\"6bd9ca2\" data-element_type=\"section\" data-e-type=\"section\">\n\t\t\t\t\t\t<div class=\"elementor-container elementor-column-gap-default\">\n\t\t\t\t\t<div class=\"elementor-column elementor-col-100 elementor-top-column elementor-element elementor-element-de48659\" data-id=\"de48659\" data-element_type=\"column\" data-e-type=\"column\">\n\t\t\t<div class=\"elementor-widget-wrap elementor-element-populated\">\n\t\t\t\t\t\t<div class=\"elementor-element elementor-element-ccbe712 elementor-widget elementor-widget-heading\" data-id=\"ccbe712\" data-element_type=\"widget\" data-e-type=\"widget\" data-widget_type=\"heading.default\">\n\t\t\t\t<div class=\"elementor-widget-container\">\n\t\t\t\t\t<h2 class=\"elementor-heading-title elementor-size-default\">Sterbekasse des Kreisfeuerwehrverbandes Limburg-Weilburg e.V.\n<\/h2>\t\t\t\t<\/div>\n\t\t\t\t<\/div>\n\t\t\t\t\t<\/div>\n\t\t<\/div>\n\t\t\t\t\t<\/div>\n\t\t<\/section>\n\t\t\t\t<section class=\"elementor-section elementor-top-section elementor-element elementor-element-5361e70 elementor-section-boxed elementor-section-height-default elementor-section-height-default\" data-id=\"5361e70\" data-element_type=\"section\" data-e-type=\"section\">\n\t\t\t\t\t\t<div class=\"elementor-container elementor-column-gap-default\">\n\t\t\t\t\t<div class=\"elementor-column elementor-col-100 elementor-top-column elementor-element elementor-element-5c1801c\" data-id=\"5c1801c\" data-element_type=\"column\" data-e-type=\"column\">\n\t\t\t<div class=\"elementor-widget-wrap elementor-element-populated\">\n\t\t\t\t\t\t<div class=\"elementor-element elementor-element-02508db elementor-widget elementor-widget-text-editor\" data-id=\"02508db\" data-element_type=\"widget\" data-e-type=\"widget\" data-widget_type=\"text-editor.default\">\n\t\t\t\t<div class=\"elementor-widget-container\">\n\t\t\t\t\t\t\t\t\t<p>Die Sterbekasse des Kreifeuerwehrverbandes Limburg-Weilburg e.V. hei\u00dft nun \u201e<strong>STEKA LIMBURG-WEILBURG aG &#8211; Die Feuerwehrversicherung&#8220;.<\/strong><\/p><p><strong>Die Aufgabe der Sterbekasse besteht darin, die Angeh\u00f6rigen ihrer derzeit \u00fcber 3.000 Mitglieder im Todesfall zu unterst\u00fctzen und ist f\u00fcr jedes Mitglied des Feuerwehrvereins im Landkreis Limburg-Weilburg m\u00f6glich.<br \/><\/strong><\/p><p><strong>Quelle sowie alle weiteren Informationen erhalten Sie unter nachfolgendem Link:<br \/><\/strong><\/p><p><strong><a href=\"https:\/\/kreisfeuerwehrverband.net\/infos-fb-a-ak\/fb-sterbekasse.html\" target=\"_blank\" rel=\"noopener\">https:\/\/kreisfeuerwehrverband.net\/infos-fb-a-ak\/fb-sterbekasse.html<\/a><br \/><\/strong><\/p>\t\t\t\t\t\t\t\t<\/div>\n\t\t\t\t<\/div>\n\t\t\t\t\t<\/div>\n\t\t<\/div>\n\t\t\t\t\t<\/div>\n\t\t<\/section>\n\t\t\t\t<\/div>\n\t\t","protected":false},"excerpt":{"rendered":"<p>Werde passives Mitglied im Verein Als passives Mitglied unterst\u00fctzt Du finanziell die Freiwillige Feuerwehr Wirbelau e.V. durch deinen j\u00e4hrlichen Mitgliedsbeitrag in H\u00f6he von 12,00 \u20ac, der zum 01.07. eines laufenden Jahres von deinem Konto eingezogen wird.\u00a0F\u00fcr Mitglieder unter 18 Jahren &hellip; <a href=\"https:\/\/feuerwehr-wirbelau.de\/?page_id=517\">Weiter<\/a><\/p>\n","protected":false},"author":3,"featured_media":0,"parent":137,"menu_order":0,"comment_status":"closed","ping_status":"closed","template":"","meta":{"kt_blocks_editor_width":"","footnotes":""},"class_list":["post-517","page","type-page","status-publish","hentry"],"_links":{"self":[{"href":"https:\/\/feuerwehr-wirbelau.de\/index.php?rest_route=\/wp\/v2\/pages\/517","targetHints":{"allow":["GET"]}}],"collection":[{"href":"https:\/\/feuerwehr-wirbelau.de\/index.php?rest_route=\/wp\/v2\/pages"}],"about":[{"href":"https:\/\/feuerwehr-wirbelau.de\/index.php?rest_route=\/wp\/v2\/types\/page"}],"author":[{"embeddable":true,"href":"https:\/\/feuerwehr-wirbelau.de\/index.php?rest_route=\/wp\/v2\/users\/3"}],"replies":[{"embeddable":true,"href":"https:\/\/feuerwehr-wirbelau.de\/index.php?rest_route=%2Fwp%2Fv2%2Fcomments&post=517"}],"version-history":[{"count":102,"href":"https:\/\/feuerwehr-wirbelau.de\/index.php?rest_route=\/wp\/v2\/pages\/517\/revisions"}],"predecessor-version":[{"id":2066,"href":"https:\/\/feuerwehr-wirbelau.de\/index.php?rest_route=\/wp\/v2\/pages\/517\/revisions\/2066"}],"up":[{"embeddable":true,"href":"https:\/\/feuerwehr-wirbelau.de\/index.php?rest_route=\/wp\/v2\/pages\/137"}],"wp:attachment":[{"href":"https:\/\/feuerwehr-wirbelau.de\/index.php?rest_route=%2Fwp%2Fv2%2Fmedia&parent=517"}],"curies":[{"name":"wp","href":"https:\/\/api.w.org\/{rel}","templated":true}]}}