{"id":660,"date":"2020-07-14T18:41:49","date_gmt":"2020-07-14T18:41:49","guid":{"rendered":"https:\/\/testcms.feuerwehr-wirbelau.de\/?page_id=660"},"modified":"2025-07-27T09:04:57","modified_gmt":"2025-07-27T09:04:57","slug":"downloads","status":"publish","type":"page","link":"https:\/\/feuerwehr-wirbelau.de\/?page_id=660","title":{"rendered":"Downloads"},"content":{"rendered":"\t\t<div data-elementor-type=\"wp-page\" data-elementor-id=\"660\" class=\"elementor elementor-660\">\n\t\t\t\t\t\t<section class=\"elementor-section elementor-top-section elementor-element elementor-element-392b81f elementor-section-boxed elementor-section-height-default elementor-section-height-default\" data-id=\"392b81f\" data-element_type=\"section\" data-e-type=\"section\">\n\t\t\t\t\t\t<div class=\"elementor-container elementor-column-gap-default\">\n\t\t\t\t\t<div class=\"elementor-column elementor-col-100 elementor-top-column elementor-element elementor-element-ab31a13\" data-id=\"ab31a13\" data-element_type=\"column\" data-e-type=\"column\">\n\t\t\t<div class=\"elementor-widget-wrap elementor-element-populated\">\n\t\t\t\t\t\t<div class=\"elementor-element elementor-element-681a822 elementor-widget elementor-widget-heading\" data-id=\"681a822\" data-element_type=\"widget\" data-e-type=\"widget\" data-widget_type=\"heading.default\">\n\t\t\t\t<div class=\"elementor-widget-container\">\n\t\t\t\t\t<h2 class=\"elementor-heading-title elementor-size-default\">Downloads<\/h2>\t\t\t\t<\/div>\n\t\t\t\t<\/div>\n\t\t\t\t\t<\/div>\n\t\t<\/div>\n\t\t\t\t\t<\/div>\n\t\t<\/section>\n\t\t\t\t<section class=\"elementor-section elementor-top-section elementor-element elementor-element-240490d elementor-section-boxed elementor-section-height-default elementor-section-height-default\" data-id=\"240490d\" data-element_type=\"section\" data-e-type=\"section\">\n\t\t\t\t\t\t<div class=\"elementor-container elementor-column-gap-default\">\n\t\t\t\t\t<div class=\"elementor-column elementor-col-25 elementor-top-column elementor-element elementor-element-74cb7d8\" data-id=\"74cb7d8\" data-element_type=\"column\" data-e-type=\"column\">\n\t\t\t<div class=\"elementor-widget-wrap elementor-element-populated\">\n\t\t\t\t\t\t<div class=\"elementor-element elementor-element-3dec49c elementor-widget elementor-widget-text-editor\" data-id=\"3dec49c\" data-element_type=\"widget\" data-e-type=\"widget\" data-widget_type=\"text-editor.default\">\n\t\t\t\t<div class=\"elementor-widget-container\">\n\t\t\t\t\t\t\t\t\t<p><a href=\"https:\/\/feuerwehr-wirbelau.de\/wp-content\/uploads\/2025\/07\/Satzung-FF_Stand-04.04.2025.pdf\" target=\"_blank\" rel=\"noopener\"><img decoding=\"async\" class=\"aligncenter wp-image-1541\" src=\"https:\/\/testcms.feuerwehr-wirbelau.de\/wp-content\/uploads\/2021\/06\/pdfsymbol-225x300.png\" alt=\"\" width=\"43\" height=\"58\" srcset=\"https:\/\/feuerwehr-wirbelau.de\/wp-content\/uploads\/2021\/06\/pdfsymbol-225x300.png 225w, https:\/\/feuerwehr-wirbelau.de\/wp-content\/uploads\/2021\/06\/pdfsymbol.png 384w\" sizes=\"(max-width: 43px) 100vw, 43px\" \/><\/a><\/p><p style=\"text-align: center;\"><a href=\"https:\/\/feuerwehr-wirbelau.de\/wp-content\/uploads\/2025\/07\/Satzung-FF_Stand-04.04.2025.pdf\" target=\"_blank\" rel=\"noopener\">Satzung<\/a><\/p>\t\t\t\t\t\t\t\t<\/div>\n\t\t\t\t<\/div>\n\t\t\t\t\t<\/div>\n\t\t<\/div>\n\t\t\t\t<div class=\"elementor-column elementor-col-25 elementor-top-column elementor-element elementor-element-c2cfd47\" data-id=\"c2cfd47\" data-element_type=\"column\" data-e-type=\"column\">\n\t\t\t<div class=\"elementor-widget-wrap elementor-element-populated\">\n\t\t\t\t\t\t<div class=\"elementor-element elementor-element-9650bb3 elementor-widget elementor-widget-text-editor\" data-id=\"9650bb3\" data-element_type=\"widget\" data-e-type=\"widget\" data-widget_type=\"text-editor.default\">\n\t\t\t\t<div class=\"elementor-widget-container\">\n\t\t\t\t\t\t\t\t\t<a href=\"https:\/\/feuerwehr-wirbelau.de\/wp-content\/uploads\/2025\/07\/Beitrittserklaerung.pdf\" target=\"_blank\" rel=\"noopener\"><img decoding=\"async\" class=\"aligncenter wp-image-1541\" src=\"https:\/\/testcms.feuerwehr-wirbelau.de\/wp-content\/uploads\/2021\/06\/pdfsymbol-225x300.png\" alt=\"\" width=\"43\" height=\"58\" srcset=\"https:\/\/feuerwehr-wirbelau.de\/wp-content\/uploads\/2021\/06\/pdfsymbol-225x300.png 225w, https:\/\/feuerwehr-wirbelau.de\/wp-content\/uploads\/2021\/06\/pdfsymbol.png 384w\" sizes=\"(max-width: 43px) 100vw, 43px\" \/><\/a>\n<p style=\"text-align: center;\"><a href=\"https:\/\/feuerwehr-wirbelau.de\/wp-content\/uploads\/2025\/07\/Beitrittserklaerung.pdf\" target=\"_blank\" rel=\"noopener\">Beitrittserkl\u00e4rung<\/a><\/p>\t\t\t\t\t\t\t\t<\/div>\n\t\t\t\t<\/div>\n\t\t\t\t\t<\/div>\n\t\t<\/div>\n\t\t\t\t<div class=\"elementor-column elementor-col-25 elementor-top-column elementor-element elementor-element-070328c\" data-id=\"070328c\" data-element_type=\"column\" data-e-type=\"column\">\n\t\t\t<div class=\"elementor-widget-wrap elementor-element-populated\">\n\t\t\t\t\t\t<div class=\"elementor-element elementor-element-c564e65 elementor-widget elementor-widget-text-editor\" data-id=\"c564e65\" data-element_type=\"widget\" data-e-type=\"widget\" data-widget_type=\"text-editor.default\">\n\t\t\t\t<div class=\"elementor-widget-container\">\n\t\t\t\t\t\t\t\t\t<p><a href=\"https:\/\/feuerwehr-wirbelau.de\/wp-content\/uploads\/2021\/01\/Datenschutzrichtlinie.pdf\"><img decoding=\"async\" class=\"aligncenter wp-image-1541\" src=\"https:\/\/testcms.feuerwehr-wirbelau.de\/wp-content\/uploads\/2021\/06\/pdfsymbol-225x300.png\" alt=\"\" width=\"43\" height=\"58\" srcset=\"https:\/\/feuerwehr-wirbelau.de\/wp-content\/uploads\/2021\/06\/pdfsymbol-225x300.png 225w, https:\/\/feuerwehr-wirbelau.de\/wp-content\/uploads\/2021\/06\/pdfsymbol.png 384w\" sizes=\"(max-width: 43px) 100vw, 43px\" \/><\/a><\/p><p style=\"text-align: center;\"><a href=\"https:\/\/feuerwehr-wirbelau.de\/wp-content\/uploads\/2021\/01\/Datenschutzrichtlinie.pdf\" target=\"_blank\" rel=\"noopener\">Datenschutzrichtlinie<\/a><\/p>\t\t\t\t\t\t\t\t<\/div>\n\t\t\t\t<\/div>\n\t\t\t\t\t<\/div>\n\t\t<\/div>\n\t\t\t\t<div class=\"elementor-column elementor-col-25 elementor-top-column elementor-element elementor-element-07af754\" data-id=\"07af754\" data-element_type=\"column\" data-e-type=\"column\">\n\t\t\t<div class=\"elementor-widget-wrap elementor-element-populated\">\n\t\t\t\t\t\t<div class=\"elementor-element elementor-element-c84ed76 elementor-widget elementor-widget-text-editor\" data-id=\"c84ed76\" data-element_type=\"widget\" data-e-type=\"widget\" data-widget_type=\"text-editor.default\">\n\t\t\t\t<div class=\"elementor-widget-container\">\n\t\t\t\t\t\t\t\t\t<p><a href=\"https:\/\/dl.kreisfeuerwehrverband.net\/send\/11-publikationen-kfv-sterbekasse\/2590-steka-limburg-weilburg-ag-aufnahmeantrag-beratungsprotokoll-ausf%C3%BCllbar.html\"><img decoding=\"async\" class=\"wp-image-1541 aligncenter\" src=\"https:\/\/testcms.feuerwehr-wirbelau.de\/wp-content\/uploads\/2021\/06\/pdfsymbol-225x300.png\" alt=\"\" width=\"43\" height=\"58\" srcset=\"https:\/\/feuerwehr-wirbelau.de\/wp-content\/uploads\/2021\/06\/pdfsymbol-225x300.png 225w, https:\/\/feuerwehr-wirbelau.de\/wp-content\/uploads\/2021\/06\/pdfsymbol.png 384w\" sizes=\"(max-width: 43px) 100vw, 43px\" \/><\/a><\/p><p style=\"text-align: center;\"><a href=\"https:\/\/dl.kreisfeuerwehrverband.net\/send\/11-publikationen-kfv-sterbekasse\/2590-steka-limburg-weilburg-ag-aufnahmeantrag-beratungsprotokoll-ausf%C3%BCllbar.html\" target=\"_blank\" rel=\"noopener\">Aufnahmeantrag Sterbekasse Limburg-Weilburg<\/a><\/p>\t\t\t\t\t\t\t\t<\/div>\n\t\t\t\t<\/div>\n\t\t\t\t\t<\/div>\n\t\t<\/div>\n\t\t\t\t\t<\/div>\n\t\t<\/section>\n\t\t\t\t<section class=\"elementor-section elementor-top-section elementor-element elementor-element-881d2fb elementor-section-boxed elementor-section-height-default elementor-section-height-default\" data-id=\"881d2fb\" data-element_type=\"section\" data-e-type=\"section\">\n\t\t\t\t\t\t<div class=\"elementor-container elementor-column-gap-default\">\n\t\t\t\t\t<div class=\"elementor-column elementor-col-25 elementor-top-column elementor-element elementor-element-f06dfd9\" data-id=\"f06dfd9\" data-element_type=\"column\" data-e-type=\"column\">\n\t\t\t<div class=\"elementor-widget-wrap elementor-element-populated\">\n\t\t\t\t\t\t<div class=\"elementor-element elementor-element-1a6c9fb elementor-widget elementor-widget-text-editor\" data-id=\"1a6c9fb\" data-element_type=\"widget\" data-e-type=\"widget\" data-widget_type=\"text-editor.default\">\n\t\t\t\t<div class=\"elementor-widget-container\">\n\t\t\t\t\t\t\t\t\t<p><a href=\"https:\/\/feuerwehr-wirbelau.de\/wp-content\/uploads\/2025\/07\/Beitragsordung.pdf\" target=\"_blank\" rel=\"noopener\"><img decoding=\"async\" class=\"aligncenter wp-image-1541\" src=\"https:\/\/testcms.feuerwehr-wirbelau.de\/wp-content\/uploads\/2021\/06\/pdfsymbol-225x300.png\" alt=\"\" width=\"43\" height=\"58\" srcset=\"https:\/\/feuerwehr-wirbelau.de\/wp-content\/uploads\/2021\/06\/pdfsymbol-225x300.png 225w, https:\/\/feuerwehr-wirbelau.de\/wp-content\/uploads\/2021\/06\/pdfsymbol.png 384w\" sizes=\"(max-width: 43px) 100vw, 43px\" \/><\/a><\/p><p style=\"text-align: center;\"><a href=\"https:\/\/feuerwehr-wirbelau.de\/wp-content\/uploads\/2025\/07\/Beitragsordung.pdf\" target=\"_blank\" rel=\"noopener\"><strong>Beitragsordnung<\/strong><\/a><\/p>\t\t\t\t\t\t\t\t<\/div>\n\t\t\t\t<\/div>\n\t\t\t\t\t<\/div>\n\t\t<\/div>\n\t\t\t\t<div class=\"elementor-column elementor-col-25 elementor-top-column elementor-element elementor-element-8a735fd\" data-id=\"8a735fd\" data-element_type=\"column\" data-e-type=\"column\">\n\t\t\t<div class=\"elementor-widget-wrap\">\n\t\t\t\t\t\t\t<\/div>\n\t\t<\/div>\n\t\t\t\t<div class=\"elementor-column elementor-col-25 elementor-top-column elementor-element elementor-element-0c7716c\" data-id=\"0c7716c\" data-element_type=\"column\" data-e-type=\"column\">\n\t\t\t<div class=\"elementor-widget-wrap\">\n\t\t\t\t\t\t\t<\/div>\n\t\t<\/div>\n\t\t\t\t<div class=\"elementor-column elementor-col-25 elementor-top-column elementor-element elementor-element-5d1840f\" data-id=\"5d1840f\" data-element_type=\"column\" data-e-type=\"column\">\n\t\t\t<div class=\"elementor-widget-wrap\">\n\t\t\t\t\t\t\t<\/div>\n\t\t<\/div>\n\t\t\t\t\t<\/div>\n\t\t<\/section>\n\t\t\t\t<section class=\"elementor-section elementor-top-section elementor-element elementor-element-dd0ad10 elementor-section-boxed elementor-section-height-default elementor-section-height-default\" data-id=\"dd0ad10\" data-element_type=\"section\" data-e-type=\"section\">\n\t\t\t\t\t\t<div class=\"elementor-container elementor-column-gap-default\">\n\t\t\t\t\t<div class=\"elementor-column elementor-col-100 elementor-top-column elementor-element elementor-element-cac0365\" data-id=\"cac0365\" data-element_type=\"column\" data-e-type=\"column\">\n\t\t\t<div class=\"elementor-widget-wrap elementor-element-populated\">\n\t\t\t\t\t\t<div class=\"elementor-element elementor-element-46dfc6d elementor-widget elementor-widget-heading\" data-id=\"46dfc6d\" data-element_type=\"widget\" data-e-type=\"widget\" data-widget_type=\"heading.default\">\n\t\t\t\t<div class=\"elementor-widget-container\">\n\t\t\t\t\t<h4 class=\"elementor-heading-title elementor-size-default\">\u00d6ffentlich-rechtliche Abteilung (Einsatzabteilung)<\/h4>\t\t\t\t<\/div>\n\t\t\t\t<\/div>\n\t\t\t\t\t<\/div>\n\t\t<\/div>\n\t\t\t\t\t<\/div>\n\t\t<\/section>\n\t\t\t\t<section class=\"elementor-section elementor-top-section elementor-element elementor-element-9c3ad56 elementor-section-boxed elementor-section-height-default elementor-section-height-default\" data-id=\"9c3ad56\" data-element_type=\"section\" data-e-type=\"section\">\n\t\t\t\t\t\t<div class=\"elementor-container elementor-column-gap-default\">\n\t\t\t\t\t<div class=\"elementor-column elementor-col-25 elementor-top-column elementor-element elementor-element-373cc95\" data-id=\"373cc95\" data-element_type=\"column\" data-e-type=\"column\">\n\t\t\t<div class=\"elementor-widget-wrap elementor-element-populated\">\n\t\t\t\t\t\t<div class=\"elementor-element elementor-element-bd6b1f4 elementor-widget elementor-widget-text-editor\" data-id=\"bd6b1f4\" data-element_type=\"widget\" data-e-type=\"widget\" data-widget_type=\"text-editor.default\">\n\t\t\t\t<div class=\"elementor-widget-container\">\n\t\t\t\t\t\t\t\t\t<a href=\"https:\/\/www.runkel-lahn.de\/fileadmin\/user_upload\/satzungen\/Feuerwehrsatzung_2019.pdf\" target=\"_blank\" rel=\"noopener\"><img decoding=\"async\" class=\"aligncenter wp-image-1541\" src=\"https:\/\/testcms.feuerwehr-wirbelau.de\/wp-content\/uploads\/2021\/06\/pdfsymbol-225x300.png\" alt=\"\" width=\"43\" height=\"58\" srcset=\"https:\/\/feuerwehr-wirbelau.de\/wp-content\/uploads\/2021\/06\/pdfsymbol-225x300.png 225w, https:\/\/feuerwehr-wirbelau.de\/wp-content\/uploads\/2021\/06\/pdfsymbol.png 384w\" sizes=\"(max-width: 43px) 100vw, 43px\" \/><\/a>\n<p style=\"text-align: center;\"><a href=\"https:\/\/www.runkel-lahn.de\/fileadmin\/user_upload\/satzungen\/Feuerwehrsatzung_2019.pdf\" target=\"_blank\" rel=\"noopener\"><span dir=\"ltr\" role=\"presentation\">Satzung f\u00fcr die Freiwillige Feuerwehr<\/span><br role=\"presentation\" \/><span dir=\"ltr\" role=\"presentation\">der Stadt Runkel\/Lahn (Feuerwehrsatzung)<\/span><\/a><\/p>\t\t\t\t\t\t\t\t<\/div>\n\t\t\t\t<\/div>\n\t\t\t\t\t<\/div>\n\t\t<\/div>\n\t\t\t\t<div class=\"elementor-column elementor-col-25 elementor-top-column elementor-element elementor-element-d14e08d\" data-id=\"d14e08d\" data-element_type=\"column\" data-e-type=\"column\">\n\t\t\t<div class=\"elementor-widget-wrap\">\n\t\t\t\t\t\t\t<\/div>\n\t\t<\/div>\n\t\t\t\t<div class=\"elementor-column elementor-col-25 elementor-top-column elementor-element elementor-element-89b3944\" data-id=\"89b3944\" data-element_type=\"column\" data-e-type=\"column\">\n\t\t\t<div class=\"elementor-widget-wrap\">\n\t\t\t\t\t\t\t<\/div>\n\t\t<\/div>\n\t\t\t\t<div class=\"elementor-column elementor-col-25 elementor-top-column elementor-element elementor-element-6147230\" data-id=\"6147230\" data-element_type=\"column\" data-e-type=\"column\">\n\t\t\t<div class=\"elementor-widget-wrap\">\n\t\t\t\t\t\t\t<\/div>\n\t\t<\/div>\n\t\t\t\t\t<\/div>\n\t\t<\/section>\n\t\t\t\t<\/div>\n\t\t","protected":false},"excerpt":{"rendered":"<p>Downloads Satzung Beitrittserkl\u00e4rung Datenschutzrichtlinie Aufnahmeantrag Sterbekasse Limburg-Weilburg Beitragsordnung \u00d6ffentlich-rechtliche Abteilung (Einsatzabteilung) Satzung f\u00fcr die Freiwillige Feuerwehrder Stadt Runkel\/Lahn (Feuerwehrsatzung)<\/p>\n","protected":false},"author":3,"featured_media":0,"parent":141,"menu_order":0,"comment_status":"closed","ping_status":"closed","template":"","meta":{"kt_blocks_editor_width":"","footnotes":""},"class_list":["post-660","page","type-page","status-publish","hentry"],"_links":{"self":[{"href":"https:\/\/feuerwehr-wirbelau.de\/index.php?rest_route=\/wp\/v2\/pages\/660","targetHints":{"allow":["GET"]}}],"collection":[{"href":"https:\/\/feuerwehr-wirbelau.de\/index.php?rest_route=\/wp\/v2\/pages"}],"about":[{"href":"https:\/\/feuerwehr-wirbelau.de\/index.php?rest_route=\/wp\/v2\/types\/page"}],"author":[{"embeddable":true,"href":"https:\/\/feuerwehr-wirbelau.de\/index.php?rest_route=\/wp\/v2\/users\/3"}],"replies":[{"embeddable":true,"href":"https:\/\/feuerwehr-wirbelau.de\/index.php?rest_route=%2Fwp%2Fv2%2Fcomments&post=660"}],"version-history":[{"count":169,"href":"https:\/\/feuerwehr-wirbelau.de\/index.php?rest_route=\/wp\/v2\/pages\/660\/revisions"}],"predecessor-version":[{"id":2076,"href":"https:\/\/feuerwehr-wirbelau.de\/index.php?rest_route=\/wp\/v2\/pages\/660\/revisions\/2076"}],"up":[{"embeddable":true,"href":"https:\/\/feuerwehr-wirbelau.de\/index.php?rest_route=\/wp\/v2\/pages\/141"}],"wp:attachment":[{"href":"https:\/\/feuerwehr-wirbelau.de\/index.php?rest_route=%2Fwp%2Fv2%2Fmedia&parent=660"}],"curies":[{"name":"wp","href":"https:\/\/api.w.org\/{rel}","templated":true}]}}