{"id":798,"date":"2021-01-15T17:16:29","date_gmt":"2021-01-15T17:16:29","guid":{"rendered":"https:\/\/testcms.feuerwehr-wirbelau.de\/?page_id=798"},"modified":"2025-11-10T13:33:18","modified_gmt":"2025-11-10T13:33:18","slug":"impressum","status":"publish","type":"page","link":"https:\/\/feuerwehr-wirbelau.de\/?page_id=798","title":{"rendered":"Impressum"},"content":{"rendered":"\t\t<div data-elementor-type=\"wp-page\" data-elementor-id=\"798\" class=\"elementor elementor-798\">\n\t\t\t\t\t\t<section class=\"elementor-section elementor-top-section elementor-element elementor-element-a56bd9d elementor-section-boxed elementor-section-height-default elementor-section-height-default\" data-id=\"a56bd9d\" data-element_type=\"section\" data-e-type=\"section\">\n\t\t\t\t\t\t<div class=\"elementor-container elementor-column-gap-default\">\n\t\t\t\t\t<div class=\"elementor-column elementor-col-100 elementor-top-column elementor-element elementor-element-50d36f3\" data-id=\"50d36f3\" data-element_type=\"column\" data-e-type=\"column\">\n\t\t\t<div class=\"elementor-widget-wrap elementor-element-populated\">\n\t\t\t\t\t\t<div class=\"elementor-element elementor-element-9f5291a elementor-widget elementor-widget-heading\" data-id=\"9f5291a\" data-element_type=\"widget\" data-e-type=\"widget\" data-widget_type=\"heading.default\">\n\t\t\t\t<div class=\"elementor-widget-container\">\n\t\t\t\t\t<h2 class=\"elementor-heading-title elementor-size-default\">Impressum<\/h2>\t\t\t\t<\/div>\n\t\t\t\t<\/div>\n\t\t\t\t\t<\/div>\n\t\t<\/div>\n\t\t\t\t\t<\/div>\n\t\t<\/section>\n\t\t\t\t<section class=\"elementor-section elementor-top-section elementor-element elementor-element-f93a717 elementor-section-boxed elementor-section-height-default elementor-section-height-default\" data-id=\"f93a717\" data-element_type=\"section\" data-e-type=\"section\">\n\t\t\t\t\t\t<div class=\"elementor-container elementor-column-gap-default\">\n\t\t\t\t\t<div class=\"elementor-column elementor-col-100 elementor-top-column elementor-element elementor-element-3441994\" data-id=\"3441994\" data-element_type=\"column\" data-e-type=\"column\">\n\t\t\t<div class=\"elementor-widget-wrap elementor-element-populated\">\n\t\t\t\t\t\t<div class=\"elementor-element elementor-element-f4a37e6 elementor-widget elementor-widget-text-editor\" data-id=\"f4a37e6\" data-element_type=\"widget\" data-e-type=\"widget\" data-widget_type=\"text-editor.default\">\n\t\t\t\t<div class=\"elementor-widget-container\">\n\t\t\t\t\t\t\t\t\t<p><strong>Adresse:<\/strong><\/p>\n<p>Freiwillige Feuerwehr Wirbelau e.V.<\/p>\n<p>Horstertstra\u00dfe 3<\/p>\n<p>65594 Runkel-Wirbelau<\/p>\n<p><strong>Kontakt:<\/strong><\/p>\n<p>Telefon: 06471 506536<\/p>\n<p>E-Mail: <a href=\"mailto:info@feuerwehr-wirbelau.de\">info@feuerwehr-wirbelau.de<\/a><\/p>\n<p><strong>Vertreten durch:<\/strong><\/p>\n<p>Richard Hollmann (1. Vorsitzender), N.N. (2. Vorsitzender), Stefan Haibach (Kassenwart), Sven Becker (Schriftf\u00fchrer)<\/p>\n<p>Kontaktdaten finden Sie <a href=\"https:\/\/feuerwehr-wirbelau.de\/?page_id=481\" target=\"_blank\" rel=\"noopener\">hier<\/a>.<\/p>\n<div><strong>Registereintrag:<\/strong><\/div>\n<div><strong>&nbsp;<\/strong><\/div>\n<p>Eingetragen beim Amtsgericht Limburg unter VR 2250<\/p>\n<p><strong>Steuernummer:<\/strong><\/p>\n<p>030 250 70186<\/p>\n<p><strong>Verantwortlich f\u00fcr den Inhalt nach \u00a7 55 Abs. 2 RStV:<\/strong><\/p>\n<div>Christina Haibach<\/div>\n<div>E-Mail: <a href=\"mailto:wehrfuehrer@feuerwehr-wirbelau.de\">wehrfuehrer@feuerwehr-wirbelau.de<\/a><\/div>\n<div>&nbsp;<\/div>\n<p><strong>Haftung f\u00fcr Inhalte<\/strong><\/p>\n<p>Als Diensteanbieter sind wir gem\u00e4\u00df \u00a7 7 Abs.1 TMG f\u00fcr eigene Inhalte auf diesen Seiten nach den allgemeinen Gesetzen verantwortlich. Nach \u00a7\u00a7 8 bis 10 TMG sind wir als Diensteanbieter jedoch nicht verpflichtet, \u00fcbermittelte oder gespeicherte fremde Informationen zu \u00fcberwachen oder nach Umst\u00e4nden zu forschen, die auf eine rechtswidrige T\u00e4tigkeit hinweisen. Verpflichtungen zur Entfernung oder Sperrung der Nutzung von Informationen nach den allgemeinen Gesetzen bleiben hiervon unber\u00fchrt. Eine diesbez\u00fcgliche Haftung ist jedoch erst ab dem Zeitpunkt der Kenntnis einer konkreten Rechtsverletzung m\u00f6glich. Bei Bekanntwerden von entsprechenden Rechtsverletzungen werden wir diese Inhalte umgehend entfernen.<\/p>\n<p>Wir \u00fcbernehmen keinerlei Gew\u00e4hr f\u00fcr die Aktualit\u00e4t, Korrektheit, Vollst\u00e4ndigkeit oder Qualit\u00e4t der bereitgestellten Informationen. Haftungsanspr\u00fcche gegen den Betreiber und die Autoren, welche sich auf Sch\u00e4den materieller oder ideeller Art beziehen, die durch die Nutzung oder Nichtnutzung der dargebotenen Informationen bzw. durch die Nutzung<br>fehlerhafter und unvollst\u00e4ndiger Informationen verursacht wurden, sind grunds\u00e4tzlich ausgeschlossen, sofern seitens des Betreibers und der Autoren kein nachweislich vors\u00e4tzliches oder grob fahrl\u00e4ssiges Verschulden vorliegt. Alle Angebote sind freibleibend und unverbindlich. Wir behalten uns ausdr\u00fccklich vor, Teile der Seiten oder das gesamte Angebot ohne gesonderte Ank\u00fcndigung zu ver\u00e4ndern, zu erg\u00e4nzen, zu l\u00f6schen oder die Ver\u00f6ffentlichung zeitweise oder endg\u00fcltig einzustellen.<\/p>\n<p><strong>Haftung f\u00fcr Links<\/strong><\/p>\n<p>Unsere Hompage enth\u00e4lt Links zu externen Websites Dritter, auf deren Inhalte wir keinen Einfluss haben. Deshalb k\u00f6nnen wir f\u00fcr diese fremden Inhalte auch keine Gew\u00e4hr \u00fcbernehmen. F\u00fcr die Inhalte der verlinkten Seiten ist stets der jeweilige Anbieter oder Betreiber der Seiten verantwortlich. Die verlinkten Seiten wurden zum Zeitpunkt der Verlinkung auf m\u00f6gliche Rechtsverst\u00f6\u00dfe \u00fcberpr\u00fcft. Rechtswidrige Inhalte waren zum Zeitpunkt der Verlinkung nicht erkennbar.<\/p>\n<p>Eine permanente inhaltliche Kontrolle der verlinkten Seiten ist jedoch ohne konkrete Anhaltspunkte einer Rechtsverletzung nicht zumutbar. Bei Bekanntwerden von Rechtsverletzungen werden wir derartige Links umgehend entfernen.<\/p>\n<p><strong>Urheberrecht<\/strong><\/p>\n<p>Die durch die Seitenbetreiber erstellten Inhalte und Werke auf diesen Seiten unterliegen dem deutschen Urheberrecht. Die Vervielf\u00e4ltigung, Bearbeitung, Verbreitung und jede Art der Verwertung au\u00dferhalb der Grenzen des Urheberrechtes bed\u00fcrfen der schriftlichen Zustimmung des jeweiligen Autors bzw. Erstellers. Downloads und Kopien dieser Seite sind nur f\u00fcr den privaten, nicht kommerziellen Gebrauch gestattet.<\/p>\n<p>Soweit die Inhalte auf dieser Seite nicht vom Betreiber erstellt wurden, werden die Urheberrechte Dritter beachtet. Insbesondere werden Inhalte Dritter als solche gekennzeichnet. Sollten Sie trotzdem auf eine Urheberrechtsverletzung aufmerksam werden, bitten wir um einen entsprechenden Hinweis. Bei Bekanntwerden von Rechtsverletzungen werden wir derartige Inhalte umgehend entfernen.<\/p>\n<p><strong>Hinweise zu Werbung per Telefon oder E-Mail<br><\/strong><\/p>\n<p>Der Betreiber und die Autoren untersagen hiermit ausdr\u00fccklich den Versand von Werbung an postalische und elektronische Anschriften, die auf diesen Webseiten und den downloadbaren Dokumenten aufgef\u00fchrt sind, sowie die Durchf\u00fchrung telefonischer Werbung an aufgef\u00fchrte Telefonnummern. Rechtliche Schritte gegen Spamversender behalten wir uns vor! Zudem wird ausdr\u00fccklich darauf hingewiesen, dass unverschl\u00fcsselte Kommunikation via E-Mail unsicher ist, so dass eine Haftung f\u00fcr \u00fcbermittelte Mitteilungen ausgeschlossen ist.&nbsp;<\/p>\n<p><strong>Hinweise zum Datenschutz<br><\/strong><\/p>\n<p>Im Rahmen der Zusammenarbeit in unserer Vorstandsarbeit werden Daten der Beteiligten gespeichert. Dies betrifft unter Umst\u00e4nden auch Daten, die dem Vorstand per E-Mail zugehen oder in sonstiger Weise mitgeteilt werden. Eine Weitergabe an Dritte erfolgt nur im pflichtgem\u00e4\u00dfen Rahmen unserer Satzung und unseres Auftrages.<\/p>\t\t\t\t\t\t\t\t<\/div>\n\t\t\t\t<\/div>\n\t\t\t\t\t<\/div>\n\t\t<\/div>\n\t\t\t\t\t<\/div>\n\t\t<\/section>\n\t\t\t\t<\/div>\n\t\t","protected":false},"excerpt":{"rendered":"<p>Impressum Adresse: Freiwillige Feuerwehr Wirbelau e.V. Horstertstra\u00dfe 3 65594 Runkel-Wirbelau Kontakt: Telefon: 06471 506536 E-Mail: info@feuerwehr-wirbelau.de Vertreten durch: Richard Hollmann (1. Vorsitzender), N.N. (2. Vorsitzender), Stefan Haibach (Kassenwart), Sven Becker (Schriftf\u00fchrer) Kontaktdaten finden Sie hier. Registereintrag: &nbsp; Eingetragen beim Amtsgericht &hellip; <a href=\"https:\/\/feuerwehr-wirbelau.de\/?page_id=798\">Weiter<\/a><\/p>\n","protected":false},"author":1,"featured_media":0,"parent":0,"menu_order":10,"comment_status":"closed","ping_status":"closed","template":"","meta":{"kt_blocks_editor_width":"","footnotes":""},"class_list":["post-798","page","type-page","status-publish","hentry"],"_links":{"self":[{"href":"https:\/\/feuerwehr-wirbelau.de\/index.php?rest_route=\/wp\/v2\/pages\/798","targetHints":{"allow":["GET"]}}],"collection":[{"href":"https:\/\/feuerwehr-wirbelau.de\/index.php?rest_route=\/wp\/v2\/pages"}],"about":[{"href":"https:\/\/feuerwehr-wirbelau.de\/index.php?rest_route=\/wp\/v2\/types\/page"}],"author":[{"embeddable":true,"href":"https:\/\/feuerwehr-wirbelau.de\/index.php?rest_route=\/wp\/v2\/users\/1"}],"replies":[{"embeddable":true,"href":"https:\/\/feuerwehr-wirbelau.de\/index.php?rest_route=%2Fwp%2Fv2%2Fcomments&post=798"}],"version-history":[{"count":40,"href":"https:\/\/feuerwehr-wirbelau.de\/index.php?rest_route=\/wp\/v2\/pages\/798\/revisions"}],"predecessor-version":[{"id":2082,"href":"https:\/\/feuerwehr-wirbelau.de\/index.php?rest_route=\/wp\/v2\/pages\/798\/revisions\/2082"}],"wp:attachment":[{"href":"https:\/\/feuerwehr-wirbelau.de\/index.php?rest_route=%2Fwp%2Fv2%2Fmedia&parent=798"}],"curies":[{"name":"wp","href":"https:\/\/api.w.org\/{rel}","templated":true}]}}